{"id":158,"date":"2018-09-28T08:44:40","date_gmt":"2018-09-28T08:44:40","guid":{"rendered":"http:\/\/gamudacity.com.vn\/loyalty\/?page_id=158"},"modified":"2018-09-28T08:44:40","modified_gmt":"2018-09-28T08:44:40","slug":"quyen-rieng-tu","status":"publish","type":"page","link":"https:\/\/gamudacity.com.vn\/loyalty\/quyen-rieng-tu\/","title":{"rendered":"Quy\u1ec1n Ri\u00eang T\u01b0"},"content":{"rendered":"<p>Gamuda Land Vi\u1ec7t Nam (V\u0103n ph\u00f2ng H\u00e0 N\u1ed9i) (sau \u0111\u00e2y g\u1ecdi t\u1eaft l\u00e0 &#8220;GLVN&#8221;) t\u00f4n tr\u1ecdng s\u1ef1 ri\u00eang t\u01b0 c\u1ee7a c\u00e1 nh\u00e2n li\u00ean quan \u0111\u1ebfn d\u1eef li\u1ec7u c\u00e1 nh\u00e2n. V\u00ec m\u1ee5c \u0111\u00edch c\u1ee7a Th\u00f4ng b\u00e1o b\u1ea3o m\u1eadt n\u00e0y, &#8220;D\u1eef li\u1ec7u c\u00e1 nh\u00e2n&#8221; s\u1ebd c\u00f3 \u00fd ngh\u0129a nh\u01b0 \u0111\u01b0\u1ee3c quy \u0111\u1ecbnh trong \u0110\u1ea1o lu\u1eadt. Theo m\u1ee5c \u0111\u00edch c\u1ee7a Th\u00f4ng b\u00e1o b\u1ea3o m\u1eadt n\u00e0y, &#8220;ch\u00fang t\u00f4i&#8221;, &#8220;ch\u00fang t\u00f4i&#8221; ho\u1eb7c &#8220;ch\u00fang t\u00f4i&#8221; s\u1ebd tham kh\u1ea3o b\u1ea5t k\u1ef3 c\u00f4ng ty n\u00e0o trong GLVN v\u00e0 &#8220;b\u1ea1n&#8221; s\u1ebd \u0111\u1ec1 c\u1eadp \u0111\u1ebfn ch\u00ednh b\u1ea1n v\u00e0 nh\u1eefng ng\u01b0\u1eddi ho\u1eb7c c\u00f4ng ty kh\u00e1c do b\u1ea1n m\u00e0 b\u1ea1n l\u00e0 cung c\u1ea5p D\u1eef li\u1ec7u C\u00e1 nh\u00e2n.<\/p>\n<p><strong>A. Thu th\u1eadp th\u00f4ng tin<\/strong><br \/>\n1. D\u1eef li\u1ec7u c\u00e1 nh\u00e2n c\u1ee7a b\u1ea1n c\u00f3 th\u1ec3 bao g\u1ed3m c\u00e1c th\u00f4ng tin nh\u01b0 \u1ea3nh, t\u00ean, \u0111\u1ecba ch\u1ec9 li\u00ean l\u1ea1c, \u0111\u1ecba ch\u1ec9, s\u1ed1 \u0111\u0103ng k\u00fd qu\u1ed1c gia ho\u1eb7c s\u1ed1 h\u1ed9 chi\u1ebfu, gi\u1edbi t\u00ednh, ch\u1ee7ng t\u1ed9c, qu\u1ed1c t\u1ecbch, ngu\u1ed3n g\u1ed1c d\u00e2n t\u1ed9c, ngh\u1ec1 nghi\u1ec7p ho\u1eb7c ngh\u1ec1 nghi\u1ec7p, chi ti\u1ebft c\u1ee7a ng\u01b0\u1eddi s\u1eed d\u1ee5ng lao \u0111\u1ed9ng, ng\u00e0y sinh , \u0111\u1ecba ch\u1ec9 email, t\u00ecnh tr\u1ea1ng h\u00f4n nh\u00e2n, chi ti\u1ebft v\u1ec1 tr\u1ebb em, tu\u1ed5i t\u00e1c, thu nh\u1eadp, l\u1eddi ch\u00e0o, d\u1eef li\u1ec7u x\u00e3 h\u1ed9i v\u00e0 \/ ho\u1eb7c l\u1ed1i s\u1ed1ng bao g\u1ed3m nh\u01b0ng kh\u00f4ng gi\u1edbi h\u1ea1n \u0111\u1ed1i v\u1edbi chi ti\u1ebft \u0111\u0103ng k\u00fd xe, chi ti\u1ebft c\u1ee7a ng\u01b0\u1eddi gi\u1edbi thi\u1ec7u, chi ti\u1ebft t\u00e0i s\u1ea3n v\u00e0 chi ti\u1ebft cho vay.<br \/>\n2. D\u1eef li\u1ec7u c\u00e1 nh\u00e2n c\u1ee7a b\u1ea1n \u0111\u01b0\u1ee3c thu th\u1eadp t\u1eeb nhi\u1ec1u ngu\u1ed3n kh\u00e1c nhau bao g\u1ed3m nh\u01b0ng kh\u00f4ng gi\u1edbi h\u1ea1n \u1edf:<br \/>\na. th\u00f4ng tin ho\u1eb7c \u00fd ki\u1ebfn ho\u1eb7c tin nh\u1eafn b\u1ea1n \u0111\u00e3 cung c\u1ea5p cho ch\u00fang t\u00f4i b\u1eb1ng b\u1ea5t k\u1ef3 ph\u01b0\u01a1ng ti\u1ec7n v\u00e0 \/ ho\u1eb7c d\u01b0\u1edbi b\u1ea5t k\u1ef3 h\u00ecnh th\u1ee9c n\u00e0o;<br \/>\nb. \u0111\u1ea7u v\u00e0o th\u00f4ng tin n\u1ed9p cho c\u00e1c c\u01a1 s\u1edf tr\u1ef1c tuy\u1ebfn nh\u01b0 c\u00f4ng c\u1ee5 t\u00ecm ki\u1ebfm v\u00e0 m\u00e1y t\u00ednh;<br \/>\nc. th\u00f4ng tin t\u1eeb b\u00ean th\u1ee9 ba bao g\u1ed3m c\u1ea3 gi\u1edbi thi\u1ec7u; v\u00e0<br \/>\nd. th\u00f4ng tin thu \u0111\u01b0\u1ee3c m\u1ed9t c\u00e1ch \u0111\u1ed9c l\u1eadp b\u1edfi ch\u00fang t\u00f4i t\u1eeb c\u00e1c ngu\u1ed3n h\u1ee3p ph\u00e1p kh\u00e1c.<\/p>\n<p><strong>B. M\u1ee5c \u0111\u00edch thu th\u1eadp d\u1eef li\u1ec7u c\u00e1 nh\u00e2n<\/strong><br \/>\n1. B\u1eb1ng c\u00e1ch cung c\u1ea5p b\u1ea5t k\u1ef3 D\u1eef li\u1ec7u C\u00e1 nh\u00e2n c\u1ee7a b\u1ea1n cho GLVN, b\u1ea1n \u0111\u1ed3ng \u00fd r\u1eb1ng GLVN s\u1ebd thu th\u1eadp, l\u01b0u gi\u1eef v\u00e0 s\u1eed d\u1ee5ng D\u1eef li\u1ec7u C\u00e1 nh\u00e2n c\u1ee7a b\u1ea1n cho c\u00e1c m\u1ee5c \u0111\u00edch sau:<br \/>\na. th\u1ef1c hi\u1ec7n v\u00e0 \/ ho\u1eb7c th\u1ef1c hi\u1ec7n c\u00e1c ngh\u0129a v\u1ee5 h\u1ee3p \u0111\u1ed3ng c\u1ee7a ch\u00fang t\u00f4i bao g\u1ed3m nh\u01b0ng kh\u00f4ng gi\u1edbi h\u1ea1n vi\u1ec7c chuy\u1ec3n giao s\u1edf h\u1eefu tr\u1ed1ng, b\u00e0n giao ch\u00eca kh\u00f3a, qu\u1ea3n l\u00fd b\u1ea5t \u0111\u1ed9ng s\u1ea3n \/ b\u1ea5t \u0111\u1ed9ng s\u1ea3n, ch\u0103m s\u00f3c kh\u00e1ch h\u00e0ng, c\u00e1c c\u00f4ng vi\u1ec7c c\u1ea3i t\u1ea1o l\u1ed7i, d\u1ecbch v\u1ee5 nh\u00e0 c\u00e2u l\u1ea1c b\u1ed9, an ninh v\u00e0 c\u00e1c ch\u01b0\u01a1ng tr\u00ecnh kh\u00e1ch h\u00e0ng trung th\u00e0nh; v\u00e0 \/ ho\u1eb7c<br \/>\nb. cung c\u1ea5p cho b\u1ea1n c\u00e1c d\u1ecbch v\u1ee5, s\u1ea3n ph\u1ea9m ho\u1eb7c l\u1ee3i \u00edch \u0111\u01b0\u1ee3c cung c\u1ea5p b\u1edfi GLVN ho\u1eb7c b\u1edfi c\u00e1c b\u00ean th\u1ee9 ba \u0111\u01b0\u1ee3c l\u1ef1a ch\u1ecdn m\u00e0 ch\u00fang t\u00f4i cho r\u1eb1ng c\u00f3 th\u1ec3 b\u1ea1n quan t\u00e2m; v\u00e0 \/ ho\u1eb7c<br \/>\nc. x\u1eed l\u00fd \u0111\u01a1n c\u1ee7a b\u1ea1n; v\u00e0 \/ ho\u1eb7c<br \/>\nd. khi c\u00f3 li\u00ean quan, ti\u1ebfp th\u1ecb c\u00e1c s\u1ea3n ph\u1ea9m v\u00e0 d\u1ecbch v\u1ee5 v\u00e0 g\u1eedi cho b\u1ea1n b\u1ea5t k\u1ef3 c\u1eadp nh\u1eadt, s\u1ea3n ph\u1ea9m m\u1edbi, khuy\u1ebfn m\u1ea1i \u0111\u1eb7c bi\u1ec7t, qu\u1ea3ng c\u00e1o, t\u00e0i li\u1ec7u qu\u1ea3ng c\u00e1o v\u00e0 \/ ho\u1eb7c t\u00e0i li\u1ec7u th\u01b0\u01a1ng m\u1ea1i cho b\u1ea1n, x\u1eed l\u00fd h\u00f3a \u0111\u01a1n v\u00e0 thanh to\u00e1n (bao g\u1ed3m c\u1ea3 thanh to\u00e1n b\u1eb1ng th\u1ebb); v\u00e0 \/ ho\u1eb7c<br \/>\ne. nghi\u00ean c\u1ee9u quy ho\u1ea1ch, s\u1ea3n ph\u1ea9m, h\u00e0ng ho\u00e1, d\u1ecbch v\u1ee5, an ninh, ki\u1ec3m nghi\u1ec7m; v\u00e0 \/ ho\u1eb7c<br \/>\nf. th\u1ef1c hi\u1ec7n th\u1ee7 t\u1ee5c k\u1ebft h\u1ee3p theo quy \u0111\u1ecbnh c\u1ee7a ph\u00e1p lu\u1eadt; v\u00e0 \/ ho\u1eb7c<br \/>\ng. th\u1ef1c hi\u1ec7n ph\u00e2n t\u00edch th\u1ed1ng k\u00ea v\u00e0 \u0111i\u1ec3m chu\u1ea9n; v\u00e0 \/ ho\u1eb7c<br \/>\nh. m\u1ee5c \u0111\u00edch li\u00ean quan \u0111\u1ebfn ho\u1ea1t \u0111\u1ed9ng, qu\u1ea3n tr\u1ecb, qu\u1ea3n l\u00fd, ph\u00e1t tri\u1ec3n, l\u01b0u gi\u1eef h\u1ed3 s\u01a1, th\u1ef1c thi h\u1ee3p \u0111\u1ed3ng giao d\u1ecbch v\u00e0 li\u00ean l\u1ea1c v\u1edbi b\u1ea1n; v\u00e0 \/ ho\u1eb7c<br \/>\nt\u00f4i. khi m\u00e0 GLVN cho r\u1eb1ng vi\u1ec7c s\u1eed d\u1ee5ng ho\u1eb7c ti\u1ebft l\u1ed9 nh\u01b0 v\u1eady l\u00e0 c\u1ea7n thi\u1ebft \u0111\u1ec3 \u0111\u00e1p \u1ee9ng b\u1ea5t k\u1ef3 y\u00eau c\u1ea7u b\u1ed3i th\u01b0\u1eddng ho\u1eb7c quy tr\u00ecnh ph\u00e1p l\u00fd n\u00e0o, ho\u1eb7c khi m\u00e0 GLVN nghi ng\u1edd r\u1eb1ng c\u00f3 gian l\u1eadn ho\u1eb7c ho\u1ea1t \u0111\u1ed9ng b\u1ea5t h\u1ee3p ph\u00e1p, \u0111ang ho\u1eb7c \u0111ang tham gia; v\u00e0 \/ ho\u1eb7c<br \/>\nj. trong tr\u01b0\u1eddng h\u1ee3p m\u1ed9t b\u00ean th\u1ee9 ba c\u00f3 \u0111\u01b0\u1ee3c ho\u1eb7c mu\u1ed1n \u0111\u1ea1t \u0111\u01b0\u1ee3c, ho\u1eb7c y\u00eau c\u1ea7u li\u00ean quan \u0111\u1ebfn vi\u1ec7c mua l\u1ea1i, s\u1ef1 quan t\u00e2m \u0111\u1ebfn b\u1ea5t k\u1ef3 c\u00f4ng ty n\u00e0o trong GLVN; v\u00e0 \/ ho\u1eb7c<br \/>\nk. n\u01a1i m\u00e0 m\u1ed9t nh\u00e0 cung c\u1ea5p d\u1ecbch v\u1ee5 v\u00e0 s\u1ea3n ph\u1ea9m y\u00eau c\u1ea7u ng\u01b0\u1eddi cung c\u1ea5p d\u1ecbch v\u1ee5 v\u00e0 s\u1ea3n ph\u1ea9m \u0111\u00f3 th\u1ef1c hi\u1ec7n c\u00e1c ch\u1ee9c n\u0103ng, ngh\u0129a v\u1ee5 ho\u1eb7c d\u1ecbch v\u1ee5 theo y\u00eau c\u1ea7u c\u1ee7a GLVN ho\u1eb7c theo lu\u1eadt, quy t\u1eafc, quy \u0111\u1ecbnh, lu\u1eadt l\u1ec7 v\u00e0 \/ ho\u1eb7c h\u01b0\u1edbng d\u1eabn (c\u00f3 ho\u1eb7c kh\u00f4ng c\u00f3 l\u1ef1c l\u01b0\u1ee3ng ph\u00e1p lu\u1eadt) ho\u1eb7c theo y\u00eau c\u1ea7u c\u1ee7a b\u1ea5t k\u1ef3 c\u01a1 quan ch\u00ednh ph\u1ee7 ho\u1eb7c phi ch\u00ednh ph\u1ee7 n\u00e0o, c\u00e1c c\u01a1 quan ho\u1eb7c ph\u00f2ng ban ho\u1eb7c c\u1ee7a m\u1ed9t b\u00ean th\u1ee9 ba \u0111\u00f2i h\u1ecfi ph\u1ea3i \u0111\u1ea3m b\u1ea3o ph\u00f9 h\u1ee3p v\u1edbi (c\u00e1c) th\u1ecfa thu\u1eadn ho\u1eb7c (c\u00e1c) t\u00e0i li\u1ec7u; v\u00e0 \/ ho\u1eb7c<br \/>\nl. cho m\u1ee5c \u0111\u00edch chu\u1ea9n b\u1ecb v\u00e0 \u0111\u1ec7 tr\u00ecnh b\u1ea5t k\u1ef3 y\u00eau c\u1ea7u b\u1ed3i th\u01b0\u1eddng ho\u1eb7c thanh to\u00e1n n\u00e0o cho b\u1ea5t k\u1ef3 b\u00ean n\u00e0o ho\u1eb7c cho b\u1ea5t k\u1ef3 cu\u1ed9c ki\u1ec3m to\u00e1n \/ s\u00e9c n\u00e0o b\u1edfi b\u1ea5t k\u1ef3 b\u00ean n\u00e0o v\u00ec b\u1ea5t c\u1ee9 m\u1ee5c \u0111\u00edch n\u00e0o c\u00f3 li\u00ean quan \u0111\u1ebfn ho\u1ea1t \u0111\u1ed9ng kinh doanh c\u1ee7a GLVN; v\u00e0 \/ ho\u1eb7c<br \/>\nm. m\u1ee5c \u0111\u00edch li\u00ean quan \u0111\u1ebfn vi\u1ec7c th\u1ef1c thi c\u00e1c quy\u1ec1n c\u1ee7a GLVN theo b\u1ea5t k\u1ef3 th\u01b0, th\u1ecfa thu\u1eadn v\u00e0 \/ ho\u1eb7c t\u00e0i li\u1ec7u n\u00e0o bao g\u1ed3m c\u1ea3 vi\u1ec7c t\u00ecm ki\u1ebfm t\u01b0 v\u1ea5n ph\u00e1p l\u00fd v\u00e0 t\u00e0i ch\u00ednh, ti\u1ebfn h\u00e0nh b\u1ea5t k\u1ef3 b\u01b0\u1edbc s\u01a1 b\u1ed9 ho\u1eb7c b\u1eaft \u0111\u1ea7u b\u1ea5t k\u1ef3 h\u00e0nh \u0111\u1ed9ng ph\u00e1p l\u00fd n\u00e0o; v\u00e0 \/ ho\u1eb7c<br \/>\nn. l\u00e0m cho c\u00e1c th\u00f4ng tin \u0111\u00f3 \u0111\u01b0\u1ee3c y\u00eau c\u1ea7u cho b\u1ea5t k\u1ef3 m\u1ee5c \u0111\u00edch tr\u00ean ho\u1eb7c ph\u00e1p lu\u1eadt n\u00e0o; v\u00e0 \/ ho\u1eb7c<br \/>\no. cho b\u1ea5t k\u1ef3 m\u1ee5c \u0111\u00edch n\u00e0o kh\u00e1c l\u00e0 ng\u1eabu nhi\u00ean ho\u1eb7c ph\u1ee5 tr\u1ee3 ho\u1eb7c nh\u1eb1m th\u1ef1c hi\u1ec7n c\u00e1c m\u1ee5c \u0111\u00edch c\u1ee7a GLVN.<br \/>\n2. Ch\u00fang t\u00f4i c\u00f3 th\u1ec3 li\u00ean l\u1ea1c v\u1edbi b\u1ea1n v\u00ec m\u1ee5c \u0111\u00edch n\u00eau trong m\u1ee5c (B) \u1edf tr\u00ean b\u1eb1ng c\u00e1ch g\u1ecdi \u0111i\u1ec7n tho\u1ea1i, email, tin nh\u1eafn v\u0103n b\u1ea3n, b\u01b0u \u0111i\u1ec7n, fax, ph\u01b0\u01a1ng ti\u1ec7n truy\u1ec1n th\u00f4ng x\u00e3 h\u1ed9i ho\u1eb7c b\u1eb1ng b\u1ea5t c\u1ee9 h\u00ecnh th\u1ee9c truy\u1ec1n th\u00f4ng n\u00e0o.<\/p>\n<p><strong>C. S\u1eed d\u1ee5ng v\u00e0 Ti\u1ebft l\u1ed9<\/strong><br \/>\n1. D\u1eef li\u1ec7u c\u00e1 nh\u00e2n c\u1ee7a b\u1ea1n cung c\u1ea5p cho ch\u00fang t\u00f4i s\u1ebd \u0111\u01b0\u1ee3c gi\u1eef k\u00edn nh\u01b0ng b\u1ea1n \u0111\u1ed3ng \u00fd r\u1eb1ng GLVN c\u00f3 th\u1ec3 ti\u1ebft l\u1ed9 v\u00e0 chuy\u1ec3n giao (cho d\u00f9 l\u00e0 \u1edf Vi\u1ec7t Nam hay \u1edf n\u01b0\u1edbc ngo\u00e0i) gi\u1eefa b\u1ea5t k\u1ef3 c\u00f4ng ty n\u00e0o trong GLVN v\u00e0 \/ ho\u1eb7c c\u00e1c b\u00ean th\u1ee9 ba khi c\u1ea7n thi\u1ebft ho\u1eb7c th\u00edch h\u1ee3p, kh\u00f4ng gi\u1edbi h\u1ea1n c\u00e1c chuy\u00ean gia t\u01b0 v\u1ea5n, lu\u1eadt s\u01b0, ki\u1ec3m to\u00e1n vi\u00ean, ch\u1ee7 lao \u0111\u1ed9ng, nh\u00e0 th\u1ea7u, nh\u00e0 cung c\u1ea5p, \u0111\u1ed1i t\u00e1c, \u0111\u1ed1i t\u00e1c li\u00ean doanh, nh\u00e0 qu\u1ea3ng c\u00e1o, ng\u01b0\u1eddi mua, nh\u00e0 khai th\u00e1c m\u1ea1ng, c\u00f4ng ty qu\u1ea3n l\u00fd b\u1ea5t \u0111\u1ed9ng s\u1ea3n, c\u00e1c nh\u00e0 cung c\u1ea5p d\u1ecbch v\u1ee5 v\u00e0 s\u1ea3n ph\u1ea9m c\u1ee7a GLVN, phi ch\u00ednh ph\u1ee7), c\u00e1c \u0111\u1ea1i s\u1ee9 qu\u00e1n, c\u00e1c c\u01a1 quan ph\u00e1p \u0111\u1ecbnh, c\u00e1c c\u01a1 quan qu\u1ea3n l\u00fd, c\u00e1c t\u1ed5 ch\u1ee9c ho\u1eb7c b\u1ea5t k\u1ef3 t\u1ed5 ch\u1ee9c t\u00e0i ch\u00ednh c\u00f3 li\u00ean quan, b\u1ea5t k\u1ef3 ng\u01b0\u1eddi n\u00e0o kh\u00e1c c\u00f3 ngh\u0129a v\u1ee5 b\u1ea3o m\u1eadt cho GLVN ho\u1eb7c b\u1ea5t k\u1ef3 c\u00f4ng ty n\u00e0o trong GLVN (bao g\u1ed3m c\u1ea3 nh\u1eefng t\u1ed5 ch\u1ee9c \u0111\u01b0\u1ee3c th\u00e0nh l\u1eadp ho\u1eb7c k\u1ebft h\u1ee3p t\u1ea1i t\u1eebng th\u1eddi \u0111i\u1ec3m) ho\u1eb7c ng\u01b0\u1eddi \u0111\u01b0\u1ee3c chuy\u1ec3n nh\u01b0\u1ee3ng ho\u1eb7c ng\u01b0\u1eddi nh\u1eadn chuy\u1ec3n nh\u01b0\u1ee3ng \u0111\u01b0\u1ee3c \u0111\u1ec1 ngh\u1ecb ho\u1eb7c ng\u01b0\u1eddi mua b\u1ea5t k\u1ef3 quy\u1ec1n l\u1ee3i \/ doanh nghi\u1ec7p \/ t\u00e0i s\u1ea3n n\u00e0o c\u1ee7a c\u00e1c c\u00f4ng ty trong b\u00ean cung c\u1ea5p d\u1ecbch v\u1ee5 v\u00e0 s\u1ea3n ph\u1ea9m c\u1ee7a GLVN h\u1ed7 tr\u1ee3 cho vi\u1ec7c cung c\u1ea5p Website c\u1ee7a GLVN), cho c\u00e1c y\u00eau c\u1ea7u v\u1ec1 ho\u1ea1t \u0111\u1ed9ng, qu\u1ea3n tr\u1ecb v\u00e0 ph\u00e1t tri\u1ec3n c\u1ee7a GLVN v\u00e0 c\u00e1c t\u1ed5 ch\u1ee9c cung c\u1ea5p d\u1ecbch v\u1ee5 l\u01b0u tr\u1eef, ki\u1ec3m to\u00e1n, t\u01b0 v\u1ea5n chuy\u00ean nghi\u1ec7p, thu n\u1ee3, b\u1ea3o hi\u1ec3m, ng\u00e2n h\u00e0ng, ti\u1ebfp th\u1ecb, qu\u1ea3ng c\u00e1o, b\u01b0u \u0111i\u1ec7n, giao nh\u1eadn, tuy\u1ec3n d\u1ee5ng, trung t\u00e2m g\u1ecdi, c\u00f4ng ngh\u1ec7, nghi\u00ean c\u1ee9u, ti\u1ec7n \u00edch, ch\u01b0\u01a1ng tr\u00ecnh kh\u00e1ch h\u00e0ng trung th\u00e0nh v\u00e0 c\u00e1c d\u1ecbch v\u1ee5 an ninh \u0111\u1ec3 s\u1eed d\u1ee5ng, ti\u1ebft l\u1ed9, l\u01b0u gi\u1eef, x\u1eed l\u00fd, gi\u1eef l\u1ea1i ho\u1eb7c chuy\u1ec3n c\u00e1c D\u1eef li\u1ec7u C\u00e1 nh\u00e2n \u0111\u00f3 cho m\u1ee5c \u0111\u00edch (B)<\/p>\n<p><strong>D. \u1ea2nh h\u01b0\u1edfng c\u1ee7a vi\u1ec7c kh\u00f4ng cung c\u1ea5p d\u1eef li\u1ec7u c\u00e1 nh\u00e2n<\/strong><br \/>\nXin l\u01b0u \u00fd r\u1eb1ng trong tr\u01b0\u1eddng h\u1ee3p kh\u00f4ng cung c\u1ea5p \u0111\u1ea7y \u0111\u1ee7 d\u1eef li\u1ec7u c\u00e1 nh\u00e2n ho\u1eb7c kh\u00f4ng th\u1ecfa m\u00e3n v\u1edbi GLVN th\u00ec \u0111\u01a1n \u0111\u0103ng k\u00fd c\u1ee7a b\u1ea1n ho\u1eb7c y\u00eau c\u1ea7u GLVN cho b\u1ea5t k\u1ef3 m\u1ee5c \u0111\u00edch n\u00eau tr\u00ean n\u00e0o \u0111\u01b0\u1ee3c n\u00eau \u1edf m\u1ee5c (B) \u1edf tr\u00ean c\u00f3 th\u1ec3 kh\u00f4ng \u0111\u01b0\u1ee3c ch\u1ea5p nh\u1eadn ho\u1eb7c h\u00e0nh \u0111\u1ed9ng theo y\u00eau c\u1ea7u c\u1ee7a b\u1ea1n \u0111\u1ec3 duy\u1ec7t qua m\u1ed9t s\u1ed1 th\u00f4ng tin tr\u00ean trang web c\u1ee7a GLVN c\u00f3 th\u1ec3 b\u1ecb t\u1eeb ch\u1ed1i ho\u1eb7c GLVN s\u1ebd kh\u00f4ng th\u1ec3 cung c\u1ea5p \u0111\u1ea7y \u0111\u1ee7 c\u00e1c l\u1ee3i \u00edch v\u00e0 \/ ho\u1eb7c d\u1ecbch v\u1ee5 v\u00e0 \/ ho\u1eb7c th\u1ef1c hi\u1ec7n c\u00e1c ngh\u0129a v\u1ee5 theo b\u1ea5t k\u1ef3 h\u1ee3p \u0111\u1ed3ng ti\u1ec1m n\u0103ng ho\u1eb7c hi\u1ec7n c\u00f3 v\u1edbi b\u1ea1n.<\/p>\n<p><strong>E. L\u01b0u tr\u1eef v\u00e0 Gi\u1eef l\u1ea1i D\u1eef li\u1ec7u C\u00e1 nh\u00e2n<\/strong><br \/>\n1. D\u1eef li\u1ec7u c\u00e1 nh\u00e2n c\u1ee7a b\u1ea1n s\u1ebd \u0111\u01b0\u1ee3c l\u01b0u tr\u1eef d\u01b0\u1edbi d\u1ea1ng b\u1ea3n in t\u1ea1i v\u0103n ph\u00f2ng c\u1ee7a GLVN ho\u1eb7c \u0111\u01b0\u1ee3c l\u01b0u tr\u1eef trong c\u00e1c m\u00e1y ch\u1ee7 \u1edf trong v\u00e0 ngo\u00e0i n\u01b0\u1edbc Vi\u1ec7t Nam v\u00e0 \u0111\u01b0\u1ee3c v\u1eadn h\u00e0nh b\u1edfi GLVN ho\u1eb7c c\u00e1c nh\u00e0 cung c\u1ea5p d\u1ecbch v\u1ee5 v\u00e0 s\u1ea3n ph\u1ea9m trong v\u00e0 ngo\u00e0i n\u01b0\u1edbc.<br \/>\n2. B\u1ea5t k\u1ef3 D\u1eef li\u1ec7u c\u00e1 nh\u00e2n n\u00e0o do b\u1ea1n cung c\u1ea5p s\u1ebd \u0111\u01b0\u1ee3c gi\u1eef l\u1ea1i b\u1edfi GLVN mi\u1ec5n l\u00e0 c\u1ea7n thi\u1ebft cho vi\u1ec7c th\u1ef1c hi\u1ec7n c\u00e1c m\u1ee5c \u0111\u00edch \u0111\u00e3 n\u00eau \u1edf tr\u00ean (B) ho\u1eb7c b\u1eaft bu\u1ed9c ph\u1ea3i \u0111\u00e1p \u1ee9ng c\u00e1c y\u00eau c\u1ea7u ph\u00e1p l\u00fd, quy \u0111\u1ecbnh v\u00e0 \/ ho\u1eb7c k\u1ebf to\u00e1n ho\u1eb7c \u0111\u1ec3 b\u1ea3o v\u1ec7 l\u1ee3i \u00edch c\u1ee7a GLVN .<br \/>\n3. GLVN kh\u00f4ng cung c\u1ea5p b\u1ea5t k\u1ef3 ph\u01b0\u01a1ng ti\u1ec7n tr\u1ef1c tuy\u1ebfn n\u00e0o \u0111\u1ec3 b\u1ea1n x\u00f3a c\u00e1c D\u1eef li\u1ec7u C\u00e1 nh\u00e2n c\u1ee7a b\u1ea1n do GLVN gi\u1eef.<\/p>\n<p><strong>F. C\u00e1ch ch\u00fang t\u00f4i x\u1eed l\u00fd email v\u00e0 &#8220;Li\u00ean h\u1ec7 v\u1edbi ch\u00fang t\u00f4i&#8221;<\/strong><br \/>\n1. GLVN c\u00f3 th\u1ec3 b\u1ea3o v\u1ec7 n\u1ed9i dung c\u1ee7a b\u1ea5t k\u1ef3 email n\u00e0o ho\u1eb7c &#8220;Li\u00ean h\u1ec7 v\u1edbi ch\u00fang t\u00f4i&#8221; ho\u1eb7c c\u00e1c tin \u0111i\u1ec7n t\u1eed kh\u00e1c m\u00e0 GLVN nh\u1eadn \u0111\u01b0\u1ee3c.<br \/>\n2. M\u1ecdi D\u1eef Li\u1ec7u C\u00e1 Nh\u00e2n c\u00f3 trong nh\u1eefng th\u00f4ng \u0111i\u1ec7p \u0111\u00f3 s\u1ebd ch\u1ec9 \u0111\u01b0\u1ee3c s\u1eed d\u1ee5ng ho\u1eb7c ti\u1ebft l\u1ed9 theo nh\u1eefng c\u00e1ch \u0111\u01b0\u1ee3c n\u00eau ra trong Th\u00f4ng b\u00e1o B\u1ea3o m\u1eadt n\u00e0y.<br \/>\n3. N\u1ed9i dung tin nh\u1eafn c\u00f3 th\u1ec3 \u0111\u01b0\u1ee3c gi\u00e1m s\u00e1t b\u1edfi c\u00e1c nh\u00e0 cung c\u1ea5p d\u1ecbch v\u1ee5 v\u00e0 s\u1ea3n ph\u1ea9m c\u1ee7a GLVN cho c\u00e1c m\u1ee5c \u0111\u00edch bao g\u1ed3m tu\u00e2n th\u1ee7, ki\u1ec3m to\u00e1n v\u00e0 b\u1ea3o tr\u00ec ho\u1eb7c nghi ng\u1edd l\u1ea1m d\u1ee5ng email.<\/p>\n<p><strong>G. D\u1eef li\u1ec7u truy\u1ec1n th\u00f4ng ho\u1eb7c s\u1eed d\u1ee5ng<\/strong><br \/>\n1. Th\u00f4ng qua vi\u1ec7c s\u1eed d\u1ee5ng c\u00e1c d\u1ecbch v\u1ee5 vi\u1ec5n th\u00f4ng \u0111\u1ec3 truy c\u1eadp trang web c\u1ee7a GLVN, d\u1eef li\u1ec7u truy\u1ec1n th\u00f4ng c\u1ee7a b\u1ea1n (v\u00ed d\u1ee5 \u0111\u1ecba ch\u1ec9 giao th\u1ee9c Internet) ho\u1eb7c d\u1eef li\u1ec7u s\u1eed d\u1ee5ng (v\u00ed d\u1ee5 th\u00f4ng tin v\u1ec1 \u0111\u1ea7u, cu\u1ed1i v\u00e0 m\u1ee9c \u0111\u1ed9 truy c\u1eadp v\u00e0 th\u00f4ng tin v\u1ec1 c\u00e1c d\u1ecbch v\u1ee5 vi\u1ec5n th\u00f4ng m\u00e0 b\u1ea1n truy c\u1eadp) k\u1ef9 thu\u1eadt t\u1ea1o ra v\u00e0 c\u00f3 th\u1ec3 li\u00ean quan \u0111\u1ebfn D\u1eef li\u1ec7u c\u00e1 nh\u00e2n.<br \/>\n2. Khi c\u00f3 s\u1ef1 c\u1ea7n thi\u1ebft b\u1eaft bu\u1ed9c, vi\u1ec7c thu th\u1eadp, x\u1eed l\u00fd v\u00e0 s\u1eed d\u1ee5ng th\u00f4ng tin li\u00ean l\u1ea1c c\u1ee7a b\u1ea1n ho\u1eb7c d\u1eef li\u1ec7u s\u1eed d\u1ee5ng s\u1ebd x\u1ea3y ra v\u00e0 s\u1ebd \u0111\u01b0\u1ee3c th\u1ef1c hi\u1ec7n theo \u0110\u1ea1o lu\u1eadt.<\/p>\n<p><strong>H. D\u1eef li\u1ec7u C\u00e1 nh\u00e2n Kh\u00f4ng Thu th\u1eadp D\u1eef li\u1ec7u C\u00e1 nh\u00e2n<\/strong><br \/>\n1. Khi b\u1ea1n truy c\u1eadp trang web c\u1ee7a GLVN, GLVN c\u00f3 th\u1ec3 t\u1ef1 \u0111\u1ed9ng thu th\u1eadp d\u1eef li\u1ec7u kh\u00f4ng ph\u1ea3i l\u00e0 c\u00e1 nh\u00e2n (v\u00ed d\u1ee5 lo\u1ea1i tr\u00ecnh duy\u1ec7t Internet v\u00e0 h\u1ec7 \u0111i\u1ec1u h\u00e0nh \u0111\u01b0\u1ee3c s\u1eed d\u1ee5ng, t\u00ean mi\u1ec1n c\u1ee7a trang web m\u00e0 b\u1ea1n \u0111\u00e3 \u0111\u1ebfn, s\u1ed1 l\u01b0\u1ee3t truy c\u1eadp, th\u1eddi gian trung b\u00ecnh d\u00e0nh cho trang web, c\u00e1c trang \u0111\u01b0\u1ee3c xem).<br \/>\n2. GLVN c\u00f3 th\u1ec3 s\u1eed d\u1ee5ng d\u1eef li\u1ec7u n\u00e0y v\u00e0 chia s\u1ebb n\u00f3 v\u1edbi GLVN c\u00f2n l\u1ea1i \u0111\u1ec3 theo d\u00f5i s\u1ef1 h\u1ea5p d\u1eabn c\u1ee7a Website GLVN v\u00e0 c\u1ea3i thi\u1ec7n hi\u1ec7u su\u1ea5t ho\u1eb7c n\u1ed9i dung c\u1ee7a h\u1ecd.<\/p>\n<p><strong>I. Cookies<\/strong><br \/>\n1. Khi xem trang web c\u1ee7a GLVN, GLVN c\u00f3 th\u1ec3 l\u01b0u tr\u1eef m\u1ed9t s\u1ed1 d\u1eef li\u1ec7u tr\u00ean m\u00e1y t\u00ednh c\u1ee7a b\u1ea1n d\u01b0\u1edbi d\u1ea1ng &#8220;cookie&#8221; \u0111\u1ec3 t\u1ef1 \u0111\u1ed9ng nh\u1eadn ra m\u00e1y t\u00ednh c\u00e1 nh\u00e2n c\u1ee7a b\u1ea1n v\u00e0o l\u1ea7n ti\u1ebfp theo.<br \/>\n2. Cookie c\u00f3 th\u1ec3 gi\u00fap GLVN b\u1eb1ng nhi\u1ec1u c\u00e1ch, v\u00ed d\u1ee5 nh\u01b0 b\u1eb1ng c\u00e1ch cho ph\u00e9p GLVN \u0111i\u1ec1u ch\u1ec9nh trang web ph\u00f9 h\u1ee3p h\u01a1n v\u1edbi s\u1edf th\u00edch c\u1ee7a b\u1ea1n ho\u1eb7c \u0111\u1ec3 l\u01b0u m\u1eadt kh\u1ea9u \u0111\u1ec3 ti\u1ebft ki\u1ec7m th\u1eddi gian b\u1ea1n ph\u1ea3i nh\u1eadp l\u1ea1i.<br \/>\n3. N\u1ebfu b\u1ea1n kh\u00f4ng mu\u1ed1n nh\u1eadn cookie, vui l\u00f2ng \u0111\u1ecbnh c\u1ea5u h\u00ecnh tr\u00ecnh duy\u1ec7t Internet c\u1ee7a b\u1ea1n \u0111\u1ec3 x\u00f3a t\u1ea5t c\u1ea3 c\u00e1c cookie kh\u1ecfi \u1ed5 c\u1ee9ng m\u00e1y t\u00ednh c\u1ee7a b\u1ea1n, ch\u1eb7n t\u1ea5t c\u1ea3 cookie ho\u1eb7c nh\u1eadn c\u1ea3nh b\u00e1o tr\u01b0\u1edbc khi cookie \u0111\u01b0\u1ee3c l\u01b0u tr\u1eef.<\/p>\n<p><strong>J. B\u1ea3o m\u1eadt<\/strong><br \/>\n1. D\u1eef li\u1ec7u c\u00e1 nh\u00e2n do GLVN gi\u1eef gi\u1eef s\u1ebd \u0111\u01b0\u1ee3c gi\u1eef b\u00ed m\u1eadt theo Th\u00f4ng b\u00e1o B\u1ea3o m\u1eadt n\u00e0y theo b\u1ea5t k\u1ef3 lu\u1eadt hi\u1ec7n h\u00e0nh n\u00e0o c\u00f3 th\u1ec3 c\u00f3 hi\u1ec7u l\u1ef1c.<br \/>\n2. B\u1ea5t k\u1ef3 c\u00e2u h\u1ecfi, nh\u1eadn x\u00e9t, \u0111\u1ec1 xu\u1ea5t ho\u1eb7c th\u00f4ng tin n\u00e0o kh\u00e1c ngo\u00e0i D\u1eef li\u1ec7u c\u00e1 nh\u00e2n g\u1eedi cho ch\u00fang t\u00f4i theo b\u1ea5t k\u1ef3 c\u00e1ch n\u00e0o (bao g\u1ed3m c\u1ea3 nh\u1eefng th\u00f4ng tin g\u1eedi ho\u1eb7c \u0111\u0103ng tr\u00ean trang web c\u1ee7a GLVN) s\u1ebd \u0111\u01b0\u1ee3c coi l\u00e0 t\u1ef1 nguy\u1ec7n cung c\u1ea5p cho GLVN tr\u00ean c\u01a1 s\u1edf kh\u00f4ng b\u00ed m\u1eadt v\u00e0 kh\u00f4ng \u0111\u1ed9c quy\u1ec1n.<br \/>\n3. GLVN b\u1ea3o l\u01b0u quy\u1ec1n s\u1eed d\u1ee5ng, m\u00f4 ph\u1ecfng, ti\u1ebft l\u1ed9, truy\u1ec1n t\u1ea3i, xu\u1ea5t b\u1ea3n, ph\u00e1t s\u00f3ng v\u00e0 \/ ho\u1eb7c \u0111\u0103ng c\u00e1c th\u00f4ng tin kh\u00e1c m\u1ed9t c\u00e1ch t\u1ef1 do nh\u01b0 quy \u0111\u1ecbnh \u1edf (C) \u1edf tr\u00ean.<\/p>\n<p><strong>K. An to\u00e0n d\u1eef li\u1ec7u c\u00e1 nh\u00e2n<\/strong><br \/>\n1. GLVN s\u1eed d\u1ee5ng m\u1ed9t s\u1ed1 c\u01a1 ch\u1ebf \u0111\u1ec3 b\u1ea3o v\u1ec7 s\u1ef1 an to\u00e0n v\u00e0 to\u00e0n v\u1eb9n D\u1eef li\u1ec7u C\u00e1 nh\u00e2n c\u1ee7a b\u1ea1n.<br \/>\n2. \u0110\u1ed1i v\u1edbi internet, kh\u00f4ng may, kh\u00f4ng c\u00f3 truy\u1ec1n d\u1eef li\u1ec7u qua internet c\u00f3 th\u1ec3 \u0111\u01b0\u1ee3c \u0111\u1ea3m b\u1ea3o l\u00e0 ho\u00e0n to\u00e0n an to\u00e0n. V\u00ec v\u1eady, trong khi GLVN c\u1ed1 g\u1eafng b\u1ea3o v\u1ec7 D\u1eef li\u1ec7u c\u00e1 nh\u00e2n \u0111\u00f3, GLVN kh\u00f4ng th\u1ec3 \u0111\u1ea3m b\u1ea3o ho\u1eb7c b\u1ea3o \u0111\u1ea3m an to\u00e0n cho b\u1ea5t k\u1ef3 D\u1eef li\u1ec7u C\u00e1 nh\u00e2n n\u00e0o \u0111\u01b0\u1ee3c chuy\u1ec3n \u0111\u1ebfn GLVN v\u00e0 c\u00e1c c\u00e1 nh\u00e2n l\u00e0m nh\u01b0 v\u1eady c\u00f3 nguy c\u01a1 ri\u00eang c\u1ee7a h\u1ecd. Khi c\u00f3 b\u1ea5t k\u1ef3 D\u1eef li\u1ec7u C\u00e1 nh\u00e2n n\u00e0o \u0111\u01b0\u1ee3c \u0111\u01b0a v\u00e0o t\u00e0i kho\u1ea3n c\u1ee7a GLVN, GLVN s\u1ebd th\u1ef1c hi\u1ec7n c\u00e1c bi\u1ec7n ph\u00e1p h\u1ee3p l\u00fd \u0111\u1ec3 b\u1ea3o v\u1ec7 th\u00f4ng tin \u0111\u00f3 kh\u1ecfi b\u1ecb l\u1ea1m d\u1ee5ng v\u00e0 m\u1ea5t m\u00e1t, kh\u00f4ng \u0111\u01b0\u1ee3c ph\u00e9p, s\u1eeda \u0111\u1ed5i ho\u1eb7c ti\u1ebft l\u1ed9 tr\u00e1i ph\u00e9p.<br \/>\n3. T\u00ean \u0111\u0103ng nh\u1eadp v\u00e0 m\u1eadt kh\u1ea9u c\u00f3 th\u1ec3 l\u00e0 \u0111i\u1ec1u c\u1ea7n thi\u1ebft \u0111\u1ec3 b\u1ea1n s\u1eed d\u1ee5ng m\u1ed9t s\u1ed1 ph\u1ea7n c\u1ee7a trang web c\u1ee7a GLVN. \u0110\u1ec3 b\u1ea3o v\u1ec7 b\u1ea1n, GLVN y\u00eau c\u1ea7u b\u1ea1n gi\u1eef b\u00ed m\u1eadt v\u00e0 thay \u0111\u1ed5i m\u1eadt kh\u1ea9u th\u01b0\u1eddng xuy\u00ean (n\u1ebfu c\u1ea7n).<\/p>\n<p><strong>L. Chuy\u1ec3n d\u1eef li\u1ec7u c\u00e1 nh\u00e2n<\/strong><br \/>\nDo t\u00ednh ch\u1ea5t to\u00e0n c\u1ea7u c\u1ee7a ho\u1ea1t \u0111\u1ed9ng kinh doanh c\u1ee7a GLVN, GLVN c\u00f3 th\u1ec3 chuy\u1ec3n d\u1eef li\u1ec7u c\u00e1 nh\u00e2n c\u1ee7a b\u1ea1n cho c\u00e1c th\u00e0nh vi\u00ean kh\u00e1c c\u1ee7a GLVN (c\u00f3 th\u1ec3 \u0111\u1eb7t t\u1ea1i c\u00e1c qu\u1ed1c gia kh\u00e1c) ho\u1eb7c cho b\u1ea5t k\u1ef3 b\u00ean n\u00e0o \u1edf c\u00e1c qu\u1ed1c gia kh\u00e1c (bao g\u1ed3m c\u1ea3 c\u00e1c n\u01b0\u1edbc kh\u00e1c nhau ch\u1ebf \u0111\u1ed9 b\u1ea3o v\u1ec7 d\u1eef li\u1ec7u so v\u1edbi \u1edf ch\u1ebf \u0111\u1ed9 b\u1ea3o v\u1ec7 d\u1eef li\u1ec7u \u1edf n\u01b0\u1edbc b\u1ea1n \u0111ang \u1edf). B\u1ea5t k\u1ef3 D\u1eef li\u1ec7u c\u00e1 nh\u00e2n n\u00e0o \u0111\u01b0\u1ee3c chuy\u1ec3n s\u1ebd \u0111\u01b0\u1ee3c s\u1eed d\u1ee5ng cho c\u00e1c m\u1ee5c \u0111\u00edch \u0111\u01b0\u1ee3c n\u00eau trong m\u1ee5c (B) \u1edf tr\u00ean v\u00e0 \u0111\u01b0\u1ee3c ti\u1ebft l\u1ed9 cho c\u00e1c b\u00ean n\u00eau \u1edf (C) \u1edf tr\u00ean.<\/p>\n<p><strong>M. Li\u00ean k\u1ebft<\/strong><br \/>\nWebsite c\u1ee7a GLVN c\u00f3 th\u1ec3 ch\u1ee9a li\u00ean k\u1ebft \u0111\u1ebfn c\u00e1c trang v\u00e0 trang kh\u00e1c. B\u1eb1ng c\u00e1ch k\u00edch ho\u1ea1t m\u1ed9t li\u00ean k\u1ebft, ch\u1eb3ng h\u1ea1n nh\u01b0 b\u1eb1ng c\u00e1ch nh\u1ea5p v\u00e0o bi\u1ec3u ng\u1eef c\u1ee7a m\u1ed9t nh\u00e0 qu\u1ea3ng c\u00e1o, b\u1ea1n r\u1eddi kh\u1ecfi Website c\u1ee7a GLVN v\u00e0 GLVN kh\u00f4ng ki\u1ec3m so\u00e1t b\u1ea5t k\u1ef3 D\u1eef li\u1ec7u C\u00e1 nh\u00e2n n\u00e0o ho\u1eb7c b\u1ea5t k\u1ef3 th\u00f4ng tin n\u00e0o kh\u00e1c m\u00e0 b\u1ea1n cung c\u1ea5p cho b\u1ea5t k\u1ef3 th\u1ef1c th\u1ec3 kh\u00e1c sau khi b\u1ea1n r\u1eddi kh\u1ecfi GLVN Trang m\u1ea1ng.<\/p>\n<p><strong>N. D\u1eef li\u1ec7u c\u00e1 nh\u00e2n do B\u1ea1n cung c\u1ea5p<\/strong><br \/>\nB\u1ea1n theo \u0111\u00e2y x\u00e1c nh\u1eadn r\u1eb1ng b\u1ea1n \u0111\u00e3 nh\u1eadn \u0111\u01b0\u1ee3c s\u1ef1 ch\u1ea5p thu\u1eadn c\u1ee7a ng\u01b0\u1eddi v\u00e0 \/ ho\u1eb7c c\u00e1c c\u00f4ng ty do b\u1ea1n \u0111\u1ea1i di\u1ec7n \u0111\u1ec3 b\u1ea1n cung c\u1ea5p D\u1eef li\u1ec7u C\u00e1 nh\u00e2n t\u01b0\u01a1ng \u1ee9ng cho ch\u00fang t\u00f4i cho c\u00e1c m\u1ee5c \u0111\u00edch \u0111\u01b0\u1ee3c n\u00eau trong m\u1ee5c (B) \u1edf tr\u00ean v\u00e0 ti\u1ebft l\u1ed9 cho c\u00e1c b\u00ean \u0111\u00e3 n\u00eau trong (C ) \u1edf tr\u00ean.<\/p>\n<p><strong>O. Thay \u0111\u1ed5i v\u1ec1 Th\u00f4ng b\u00e1o b\u1ea3o m\u1eadt<\/strong><br \/>\nGLVN c\u00f3 quy\u1ec1n s\u1eeda \u0111\u1ed5i Th\u00f4ng b\u00e1o b\u1ea3o m\u1eadt n\u00e0y theo th\u1eddi gian m\u00e0 kh\u00f4ng c\u1ea7n th\u00f4ng b\u00e1o tr\u01b0\u1edbc. GLVN khuy\u00ean b\u1ea1n n\u00ean th\u01b0\u1eddng xuy\u00ean ki\u1ec3m tra Th\u00f4ng b\u00e1o b\u1ea3o m\u1eadt n\u00e0y tr\u00ean trang web c\u1ee7a GLVN.<\/p>\n","protected":false},"excerpt":{"rendered":"<p>Gamuda Land Vi\u1ec7t Nam (V\u0103n ph\u00f2ng H\u00e0 N\u1ed9i) (sau \u0111\u00e2y g\u1ecdi t\u1eaft l\u00e0 &#8220;GLVN&#8221;) t\u00f4n tr\u1ecdng s\u1ef1 ri\u00eang t\u01b0 c\u1ee7a c\u00e1 nh\u00e2n li\u00ean quan \u0111\u1ebfn d\u1eef li\u1ec7u c\u00e1 nh\u00e2n. V\u00ec m\u1ee5c \u0111\u00edch c\u1ee7a Th\u00f4ng b\u00e1o b\u1ea3o m\u1eadt n\u00e0y, &#8220;D\u1eef li\u1ec7u c\u00e1 nh\u00e2n&#8221; s\u1ebd c\u00f3 \u00fd ngh\u0129a nh\u01b0 \u0111\u01b0\u1ee3c quy \u0111\u1ecbnh trong \u0110\u1ea1o lu\u1eadt. Theo m\u1ee5c \u0111\u00edch c\u1ee7a Th\u00f4ng b\u00e1o b\u1ea3o&nbsp;<a href=\"https:\/\/gamudacity.com.vn\/loyalty\/quyen-rieng-tu\/\" class=\"read-more\">Continue Reading<\/a><\/p>\n","protected":false},"author":1,"featured_media":0,"parent":0,"menu_order":0,"comment_status":"closed","ping_status":"closed","template":"","meta":{"footnotes":""},"_links":{"self":[{"href":"https:\/\/gamudacity.com.vn\/loyalty\/wp-json\/wp\/v2\/pages\/158"}],"collection":[{"href":"https:\/\/gamudacity.com.vn\/loyalty\/wp-json\/wp\/v2\/pages"}],"about":[{"href":"https:\/\/gamudacity.com.vn\/loyalty\/wp-json\/wp\/v2\/types\/page"}],"author":[{"embeddable":true,"href":"https:\/\/gamudacity.com.vn\/loyalty\/wp-json\/wp\/v2\/users\/1"}],"replies":[{"embeddable":true,"href":"https:\/\/gamudacity.com.vn\/loyalty\/wp-json\/wp\/v2\/comments?post=158"}],"version-history":[{"count":1,"href":"https:\/\/gamudacity.com.vn\/loyalty\/wp-json\/wp\/v2\/pages\/158\/revisions"}],"predecessor-version":[{"id":159,"href":"https:\/\/gamudacity.com.vn\/loyalty\/wp-json\/wp\/v2\/pages\/158\/revisions\/159"}],"wp:attachment":[{"href":"https:\/\/gamudacity.com.vn\/loyalty\/wp-json\/wp\/v2\/media?parent=158"}],"curies":[{"name":"wp","href":"https:\/\/api.w.org\/{rel}","templated":true}]}}