{"id":154,"date":"2018-09-28T08:40:04","date_gmt":"2018-09-28T08:40:04","guid":{"rendered":"http:\/\/gamudacity.com.vn\/loyalty\/?page_id=154"},"modified":"2018-09-28T08:40:04","modified_gmt":"2018-09-28T08:40:04","slug":"mien-tru-trach-nhiem","status":"publish","type":"page","link":"https:\/\/gamudacity.com.vn\/loyalty\/mien-tru-trach-nhiem\/","title":{"rendered":"Mi\u1ec5n tr\u1eeb tr\u00e1ch nhi\u1ec7m"},"content":{"rendered":"<p><strong>1. \u0110i\u1ec1u kho\u1ea3n v\u00e0 \u0110i\u1ec1u ki\u1ec7n s\u1eed d\u1ee5ng\u00a0<\/strong><br \/>\nCh\u00e0o m\u1eebng \u0111\u1ebfn v\u1edbi website c\u1ee7a ch\u00fang t\u00f4i. N\u1ebfu b\u1ea1n ti\u1ebfp t\u1ee5c truy c\u1eadp v\u00e0 s\u1eed d\u1ee5ng trang web n\u00e0y, ng\u01b0\u1eddi s\u1eed d\u1ee5ng \u0111\u01b0\u1ee3c coi l\u00e0 \u0111\u1ed3ng \u00fd tu\u00e2n th\u1ee7 v\u00e0 b\u1ecb r\u00e0ng bu\u1ed9c b\u1edfi c\u00e1c \u0111i\u1ec1u kho\u1ea3n v\u00e0 \u0111i\u1ec1u ki\u1ec7n s\u1eed d\u1ee5ng n\u00eau d\u01b0\u1edbi \u0111\u00e2y.<br \/>\nThu\u1eadt ng\u1eef &#8220;C\u00f4ng ty&#8221; ho\u1eb7c &#8220;Ch\u00fang t\u00f4i&#8221; ho\u1eb7c &#8220;Ch\u00fang t\u00f4i&#8221; ho\u1eb7c &#8220;C\u1ee7a ch\u00fang t\u00f4i&#8221; \u0111\u1ec1 c\u1eadp \u0111\u1ebfn Gamuda Land Vi\u1ec7t Nam (H\u00e0 N\u1ed9i), ch\u1ee7 s\u1edf h\u1eefu trang web.<\/p>\n<p><strong>2. S\u1eed d\u1ee5ng<\/strong><br \/>\n\u0110\u1ec3 \u0111\u1ea3m b\u1ea3o lu\u1ed3ng d\u1ecbch v\u1ee5 tr\u00f4i ch\u1ea3y, ch\u00fang t\u00f4i mu\u1ed1n nh\u1eafc nh\u1edf b\u1ea1n r\u1eb1ng s\u1ea3n ph\u1ea9m v\u00e0 d\u1ecbch v\u1ee5 c\u1ee7a ch\u00fang t\u00f4i \u0111\u01b0\u1ee3c th\u1ef1c thi nghi\u00eam t\u00fac theo c\u00e1c \u0111i\u1ec1u kho\u1ea3n, \u0111i\u1ec1u ki\u1ec7n, quy t\u1eafc ho\u1eb7c quy \u0111\u1ecbnh hi\u1ec7n h\u00e0nh c\u1ee7a th\u1ecfa thu\u1eadn c\u1ea7n thi\u1ebft v\u1ec1 vi\u1ec7c s\u1eed d\u1ee5ng v\u00e0 \u1ee9ng d\u1ee5ng c\u1ee7a ch\u00fang. H\u00e3y nh\u1edb nh\u1eafc \u0111\u1ecdc c\u00e1c \u0111i\u1ec1u kho\u1ea3n n\u00e0y c\u00f9ng v\u1edbi c\u00e1c th\u00f4ng tin, \u0111i\u1ec1u kho\u1ea3n, quy t\u1eafc ho\u1eb7c quy \u0111\u1ecbnh c\u1ea7n thi\u1ebft kh\u00e1c c\u00f3 th\u1ec3 \u1ea3nh h\u01b0\u1edfng \u0111\u1ebfn vi\u1ec7c s\u1eed d\u1ee5ng v\u00e0 \/ ho\u1eb7c k\u1ebft qu\u1ea3 cu\u1ed1i c\u00f9ng c\u1ee7a c\u00e1c s\u1ef1 ki\u1ec7n \/ h\u00e0nh \u0111\u1ed9ng. N\u1ebfu c\u00f3 b\u1ea5t k\u1ef3 m\u00e2u thu\u1eabn n\u00e0o, c\u00e1c \u0111i\u1ec1u kho\u1ea3n, \u0111i\u1ec1u ki\u1ec7n, quy t\u1eafc ho\u1eb7c quy \u0111\u1ecbnh \u00e1p d\u1ee5ng cho c\u00e1c s\u1ea3n ph\u1ea9m ho\u1eb7c d\u1ecbch v\u1ee5 c\u1ee5 th\u1ec3 s\u1ebd \u0111\u01b0\u1ee3c \u00e1p d\u1ee5ng.<\/p>\n<p><strong>3. S\u1edf h\u1eefu tr\u00ed tu\u1ec7<\/strong><br \/>\nTrang web n\u00e0y thu\u1ed9c v\u1ec1 C\u00f4ng ty. B\u1ea3n quy\u1ec1n \u0111\u1ed1i v\u1edbi n\u1ed9i dung c\u1ee7a trang web n\u00e0y thu\u1ed9c s\u1edf h\u1eefu ho\u1eb7c \u0111\u01b0\u1ee3c c\u1ea5p ph\u00e9p cho C\u00f4ng ty tr\u1eeb nh\u1eefng quy\u1ec1n s\u1edf h\u1eefu tr\u00ed tu\u1ec7 c\u1ee7a nh\u00e0 cung c\u1ea5p ho\u1eb7c c\u00e1c li\u00ean minh \u0111\u00e3 \u1ee7y quy\u1ec1n cho C\u00f4ng ty v\u1edbi vi\u1ec7c s\u1eed d\u1ee5ng v\u00e0 sao ch\u00e9p c\u1ea7n thi\u1ebft n\u1ed9i dung c\u1ee7a trang web n\u00e0y. Trang web n\u00e0y ch\u1ec9 d\u00e0nh cho m\u1ee5c \u0111\u00edch s\u1eed d\u1ee5ng c\u00e1 nh\u00e2n, tham kh\u1ea3o nhanh, minh ho\u1ea1 v\u00e0 th\u00f4ng tin v\u00e0 kh\u00f4ng \u0111\u01b0\u1ee3c sao ch\u00e9p, ph\u00e2n ph\u1ed1i l\u1ea1i ho\u1eb7c xu\u1ea5t b\u1ea3n d\u01b0\u1edbi b\u1ea5t k\u1ef3 h\u00ecnh th\u1ee9c n\u00e0o m\u00e0 kh\u00f4ng c\u00f3 s\u1ef1 cho ph\u00e9p b\u1eb1ng v\u0103n b\u1ea3n c\u1ee7a C\u00f4ng ty.<br \/>\nB\u1ea5t k\u1ef3 vi\u1ec7c s\u1eed d\u1ee5ng b\u1ea5t h\u1ee3p ph\u00e1p b\u1ea5t k\u1ef3 ph\u1ea7n n\u00e0o c\u1ee7a trang web n\u00e0y \u0111\u1ec1u b\u1ecb nghi\u00eam c\u1ea5m. B\u1ea1n kh\u00f4ng \u0111\u01b0\u1ee3c sao ch\u00e9p, s\u1eeda \u0111\u1ed5i, xu\u1ea5t b\u1ea3n ho\u1eb7c truy\u1ec1n t\u1ea3i b\u1ea5t k\u1ef3 n\u1ed9i dung n\u00e0o trong t\u00e0i li\u1ec7u n\u00e0y m\u1ed9t c\u00e1ch to\u00e0n b\u1ed9 ho\u1eb7c m\u1ed9t ph\u1ea7n v\u00ec m\u1ee5c \u0111\u00edch th\u01b0\u01a1ng m\u1ea1i m\u00e0 kh\u00f4ng c\u00f3 s\u1ef1 cho ph\u00e9p b\u1eb1ng v\u0103n b\u1ea3n c\u1ee7a C\u00f4ng ty &#8211; n\u1ebfu \u0111\u01b0\u1ee3c c\u1ea5p, s\u1ebd ch\u1ec9 \u0111\u01b0\u1ee3c m\u1edf r\u1ed9ng sang c\u00e1c t\u00e0i li\u1ec7u c\u1ee7a ch\u00fang t\u00f4i.<br \/>\nC\u00e1c nh\u00e3n hi\u1ec7u, bi\u1ec3u t\u01b0\u1ee3ng, nh\u00e2n v\u1eadt v\u00e0 nh\u00e3n hi\u1ec7u d\u1ecbch v\u1ee5 (g\u1ecdi chung l\u00e0 &#8220;Th\u01b0\u01a1ng hi\u1ec7u&#8221;) \u0111\u01b0\u1ee3c hi\u1ec3n th\u1ecb tr\u00ean trang web n\u00e0y thu\u1ed9c v\u1ec1 C\u00f4ng ty tr\u1eeb c\u00e1c quy\u1ec1n s\u1edf h\u1eefu tr\u00ed tu\u1ec7 c\u1ee7a c\u00e1c nh\u00e0 cung c\u1ea5p ho\u1eb7c li\u00ean minh \u0111\u00e3 \u0111\u01b0\u1ee3c \u1ee7y quy\u1ec1n C\u00f4ng ty v\u1edbi vi\u1ec7c s\u1eed d\u1ee5ng c\u1ea7n thi\u1ebft v\u00e0 t\u00e1i t\u1ea1o c\u00e1c n\u1ed9i dung c\u1ee7a trang web n\u00e0y. Kh\u00f4ng c\u00f3 g\u00ec ch\u1ee9a tr\u00ean trang web n\u00e0y n\u00ean \u0111\u01b0\u1ee3c hi\u1ec3u l\u00e0 c\u1ea5p gi\u1ea5y ph\u00e9p ho\u1eb7c quy\u1ec1n s\u1eed d\u1ee5ng b\u1ea5t k\u1ef3 Nh\u00e3n hi\u1ec7u n\u00e0o \u0111\u01b0\u1ee3c hi\u1ec3n th\u1ecb tr\u00ean trang web n\u00e0y. Nghi\u00eam c\u1ea5m s\u1eed d\u1ee5ng \/ s\u1eed d\u1ee5ng sai nh\u00e3n hi\u1ec7u h\u00e0ng ho\u00e1 tr\u00ean trang web n\u00e0y, ho\u1eb7c b\u1ea5t k\u1ef3 n\u1ed9i dung n\u00e0o kh\u00e1c tr\u00ean trang web n\u00e0y, tr\u1eeb c\u00e1c \u0111i\u1ec1u kho\u1ea3n v\u00e0 \u0111i\u1ec1u ki\u1ec7n n\u00eau tr\u00ean. C\u00f4ng ty b\u1ea3o l\u01b0u quy\u1ec1n \u0111\u01b0a ra b\u1ea5t k\u1ef3 h\u00e0nh \u0111\u1ed9ng n\u00e0o ph\u00e1t sinh t\u1eeb vi\u1ec7c s\u1eed d\u1ee5ng trang web n\u00e0y tr\u00e1i ph\u00e9p ho\u1eb7c tr\u00e1i ph\u00e9p, bao g\u1ed3m b\u1ea5t k\u1ef3 h\u00e0nh \u0111\u1ed9ng vi ph\u1ea1m nh\u00e3n hi\u1ec7u v\u00e0 c\u00e1c quy\u1ec1n s\u1edf h\u1eefu tr\u00ed tu\u1ec7 kh\u00e1c c\u1ee7a n\u00f3.<\/p>\n<p><strong>4. B\u1ed3i th\u01b0\u1eddng<\/strong><br \/>\nB\u1ea1n ph\u1ea3i b\u1ed3i th\u01b0\u1eddng v\u00e0 gi\u1eef C\u00f4ng ty b\u1ed3i th\u01b0\u1eddng cho t\u1ea5t c\u1ea3 c\u00e1c khi\u1ebfu n\u1ea1i, thi\u1ec7t h\u1ea1i, h\u00e0nh \u0111\u1ed9ng v\u00e0 th\u1ee7 t\u1ee5c t\u1ed1 t\u1ee5ng \u0111\u01b0\u1ee3c \u0111\u01b0a ra ho\u1eb7c \u0111\u01b0a ra \u0111\u1ed1i v\u1edbi C\u00f4ng ty ph\u00e1t sinh t\u1eeb vi\u1ec7c b\u1ea1n s\u1eed d\u1ee5ng trang web n\u00e0y v\u00e0 \/ ho\u1eb7c b\u1ea5t k\u1ef3 vi ph\u1ea1m c\u00e1c \u0111i\u1ec1u kho\u1ea3n li\u00ean quan \u0111\u1ebfn b\u1ea1n<br \/>\n<strong>5. Li\u00ean k\u1ebft t\u1edbi trang web kh\u00e1c<\/strong><br \/>\nLi\u00ean k\u1ebft v\u1edbi c\u00e1c trang web kh\u00e1c \u0111\u01b0\u1ee3c cung c\u1ea5p \u1edf \u0111\u00e2y ch\u1ec9 nh\u1eb1m m\u1ee5c \u0111\u00edch ti\u1ec7n l\u1ee3i c\u1ee7a b\u1ea1n v\u00e0 kh\u00f4ng c\u00f3 ngh\u0129a l\u00e0 C\u00f4ng ty \u1ee7ng h\u1ed9 d\u01b0\u1edbi b\u1ea5t k\u1ef3 h\u00ecnh th\u1ee9c n\u00e0o tr\u00ean c\u00e1c trang web \u0111\u00f3. C\u00e1c trang web n\u00e0y kh\u00f4ng thu\u1ed9c quy\u1ec1n ki\u1ec3m so\u00e1t c\u1ee7a T\u1eadp \u0111o\u00e0n v\u00e0 do \u0111\u00f3 C\u00f4ng ty kh\u00f4ng ch\u1ecbu tr\u00e1ch nhi\u1ec7m v\u1ec1 n\u1ed9i dung c\u1ee7a c\u00e1c trang web kh\u00e1c v\u00e0 s\u1ebd kh\u00f4ng ph\u1ea3i ch\u1ecbu tr\u00e1ch nhi\u1ec7m v\u1ec1 b\u1ea5t k\u1ef3 thi\u1ec7t h\u1ea1i ho\u1eb7c t\u1ed5n h\u1ea1i n\u00e0o ph\u00e1t sinh t\u1eeb c\u00e1c trang web \u0111\u00f3.<br \/>\nLi\u00ean k\u1ebft \u0111\u1ebfn c\u00e1c c\u00f4ng ty th\u00e0nh vi\u00ean trong nh\u00f3m c\u00f4ng ty c\u1ee7a C\u00f4ng ty c\u0169ng ph\u1ea3i ch\u1ecbu m\u1ee9c \u0111\u1ed9 t\u1eeb ch\u1ed1i t\u01b0\u01a1ng t\u1ef1.<br \/>\nB\u1ea1n ph\u1ea3i t\u1ef1 ch\u1ecbu tr\u00e1ch nhi\u1ec7m v\u1ec1 b\u1ea5t k\u1ef3 trang web n\u00e0o \u0111\u01b0\u1ee3c li\u00ean k\u1ebft.<\/p>\n<p><strong>6. Thay \u0111\u1ed5i<\/strong><br \/>\nC\u00f4ng ty c\u00f3 quy\u1ec1n thay \u0111\u1ed5i, thay \u0111\u1ed5i ho\u1eb7c s\u1eeda \u0111\u1ed5i b\u1ea5t k\u1ef3 th\u00f4ng tin v\u00e0 \u0111i\u1ec1u kho\u1ea3n n\u00e0o c\u00f3 trong \u0111\u00e2y v\u00e0o b\u1ea5t k\u1ef3 l\u00fac n\u00e0o m\u00e0 kh\u00f4ng c\u1ea7n th\u00f4ng b\u00e1o.<\/p>\n<p><strong>7. Ch\u1ea5m d\u1ee9t ho\u1eb7c \u0110\u00ecnh ch\u1ec9<\/strong><br \/>\nC\u00f4ng ty c\u00f3 quy\u1ec1n c\u1ea5m b\u1ea5t k\u1ef3 m\u1ed9t, c\u00f4ng ty hay nh\u00f3m n\u00e0o t\u1eeb vi\u1ec7c s\u1eed d\u1ee5ng ho\u1eb7c truy c\u1eadp trang web n\u00e0y.<br \/>\nVi\u1ec7c ch\u1ea5m d\u1ee9t quy\u1ec1n truy c\u1eadp c\u00f3 th\u1ec3 \u0111\u01b0\u1ee3c th\u1ef1c hi\u1ec7n th\u01b0\u1eddng xuy\u00ean ho\u1eb7c trong m\u1ed9t kho\u1ea3ng th\u1eddi gian, m\u1ed9t ph\u1ea7n ho\u1eb7c to\u00e0n b\u1ed9, tu\u1ef3 theo quy\u1ebft \u0111\u1ecbnh c\u1ee7a C\u00f4ng ty v\u00e0o b\u1ea5t k\u1ef3 l\u00fac n\u00e0o m\u00e0 kh\u00f4ng c\u1ea7n th\u00f4ng b\u00e1o tr\u01b0\u1edbc ho\u1eb7c l\u00fd do g\u00ec.<\/p>\n<p><strong>8. Lu\u1eadt ch\u00ednh quy\u1ec1n v\u00e0 quy\u1ec1n t\u00e0i ph\u00e1n<\/strong><\/p>\n","protected":false},"excerpt":{"rendered":"<p>1. \u0110i\u1ec1u kho\u1ea3n v\u00e0 \u0110i\u1ec1u ki\u1ec7n s\u1eed d\u1ee5ng\u00a0 Ch\u00e0o m\u1eebng \u0111\u1ebfn v\u1edbi website c\u1ee7a ch\u00fang t\u00f4i. N\u1ebfu b\u1ea1n ti\u1ebfp t\u1ee5c truy c\u1eadp v\u00e0 s\u1eed d\u1ee5ng trang web n\u00e0y, ng\u01b0\u1eddi s\u1eed d\u1ee5ng \u0111\u01b0\u1ee3c coi l\u00e0 \u0111\u1ed3ng \u00fd tu\u00e2n th\u1ee7 v\u00e0 b\u1ecb r\u00e0ng bu\u1ed9c b\u1edfi c\u00e1c \u0111i\u1ec1u kho\u1ea3n v\u00e0 \u0111i\u1ec1u ki\u1ec7n s\u1eed d\u1ee5ng n\u00eau d\u01b0\u1edbi \u0111\u00e2y. Thu\u1eadt ng\u1eef &#8220;C\u00f4ng ty&#8221; ho\u1eb7c &#8220;Ch\u00fang&nbsp;<a href=\"https:\/\/gamudacity.com.vn\/loyalty\/mien-tru-trach-nhiem\/\" class=\"read-more\">Continue Reading<\/a><\/p>\n","protected":false},"author":1,"featured_media":0,"parent":0,"menu_order":0,"comment_status":"closed","ping_status":"closed","template":"","meta":{"footnotes":""},"_links":{"self":[{"href":"https:\/\/gamudacity.com.vn\/loyalty\/wp-json\/wp\/v2\/pages\/154"}],"collection":[{"href":"https:\/\/gamudacity.com.vn\/loyalty\/wp-json\/wp\/v2\/pages"}],"about":[{"href":"https:\/\/gamudacity.com.vn\/loyalty\/wp-json\/wp\/v2\/types\/page"}],"author":[{"embeddable":true,"href":"https:\/\/gamudacity.com.vn\/loyalty\/wp-json\/wp\/v2\/users\/1"}],"replies":[{"embeddable":true,"href":"https:\/\/gamudacity.com.vn\/loyalty\/wp-json\/wp\/v2\/comments?post=154"}],"version-history":[{"count":1,"href":"https:\/\/gamudacity.com.vn\/loyalty\/wp-json\/wp\/v2\/pages\/154\/revisions"}],"predecessor-version":[{"id":155,"href":"https:\/\/gamudacity.com.vn\/loyalty\/wp-json\/wp\/v2\/pages\/154\/revisions\/155"}],"wp:attachment":[{"href":"https:\/\/gamudacity.com.vn\/loyalty\/wp-json\/wp\/v2\/media?parent=154"}],"curies":[{"name":"wp","href":"https:\/\/api.w.org\/{rel}","templated":true}]}}